{"id":4098,"date":"2025-10-09T13:35:11","date_gmt":"2025-10-09T17:35:11","guid":{"rendered":"https:\/\/www.queenschildcare.org\/cookie-policy"},"modified":"2025-10-09T13:35:11","modified_gmt":"2025-10-09T17:35:11","slug":"cookie-policy","status":"publish","type":"page","link":"https:\/\/www.queenschildcare.org\/es\/cookie-policy","title":{"rendered":"Pol\u00edtica de cookies"},"content":{"rendered":"<p>Esta p\u00e1gina proporciona informaci\u00f3n completa sobre c\u00f3mo utilizamos las cookies en nuestro sitio web para mejorar su experiencia de navegaci\u00f3n, mejorar el rendimiento del sitio web y ofrecer contenidos personalizados. Las cookies son peque\u00f1os archivos de texto que se almacenan en su dispositivo cuando visita nuestro sitio web. Nos ayudan a entender c\u00f3mo interact\u00faan los visitantes con nuestro sitio web, permiti\u00e9ndonos ofrecer una experiencia de usuario m\u00e1s fluida y eficiente. En el cuadro siguiente encontrar\u00e1 informaci\u00f3n detallada sobre cada tipo de cookie que utilizamos, su finalidad y el tiempo que permanecen en su dispositivo. Nos comprometemos a respetar su privacidad y a ofrecer transparencia sobre los datos que recopilamos a trav\u00e9s de las cookies. Para obtener m\u00e1s informaci\u00f3n sobre c\u00f3mo tratamos sus datos personales, consulte nuestro <a href=\"\">Pol\u00edtica de privacidad.<\/a><\/p><div class=\"wpconsent-cookie-policy\"><h2 class=\"wpconsent-cookie-category-name\">Esencial<\/h2><p class=\"wpconsent-cookie-category-description\">Las cookies esenciales permiten funciones b\u00e1sicas y son necesarias para el correcto funcionamiento del sitio web.<\/p><table class=\"wpconsent-cookie-policy-table\"><tr><th>Cookie ID<\/th><th>Purpose<\/th><th>Duraci\u00f3n<\/th><\/tr><tr><td>wpconsent_preferences<\/td><td>Esta cookie se utiliza para almacenar las preferencias de consentimiento de cookies del usuario.<\/td><td>30 d\u00edas<\/td><\/tr><\/table><h3 class=\"wpconsent-cookie-service-name\">Google reCAPTCHA<\/h3><p class=\"wpconsent-cookie-service-description\">Google reCAPTCHA ayuda a proteger los sitios web contra el spam y los abusos mediante la verificaci\u00f3n de las interacciones de los usuarios a trav\u00e9s de desaf\u00edos.<\/p><table class=\"wpconsent-cookie-policy-table\"><tr><th>Cookie ID<\/th><th>Purpose<\/th><th>Duraci\u00f3n<\/th><\/tr><tr><td>GRECAPTCHA<\/td><td>Google reCAPTCHA establece una cookie necesaria (_GRECAPTCHA) cuando se ejecuta con el fin de proporcionar su an\u00e1lisis de riesgos.<\/td><td>179 d\u00edas<\/td><\/tr><\/table><h2 class=\"wpconsent-cookie-category-name\">Estad\u00edsticas<\/h2><p class=\"wpconsent-cookie-category-description\">Las cookies estad\u00edsticas recopilan informaci\u00f3n de forma an\u00f3nima. Esta informaci\u00f3n nos ayuda a comprender c\u00f3mo utilizan los visitantes nuestro sitio web.<\/p><h3 class=\"wpconsent-cookie-service-name\">Google Analytics<\/h3><p class=\"wpconsent-cookie-service-description\">Google Analytics es una potente herramienta que rastrea y analiza el tr\u00e1fico del sitio web para tomar decisiones de marketing fundamentadas.<\/p><a href=\"https:\/\/policies.google.com\/privacy\" target=\"_blank\" rel=\"noopener\">Learn more<\/a><table class=\"wpconsent-cookie-policy-table\"><tr><th>Cookie ID<\/th><th>Purpose<\/th><th>Duraci\u00f3n<\/th><\/tr><tr><td>No.<\/td><td>ID utilizado para identificar a los usuarios<\/td><td>2 a\u00f1os<\/td><\/tr><tr><td>_gid<\/td><td>ID utilizado para identificar a los usuarios durante 24 horas despu\u00e9s de la \u00faltima actividad<\/td><td>24 horas<\/td><\/tr><tr><td>_gat<\/td><td>Se utiliza para supervisar el n\u00famero de solicitudes del servidor de Google Analytics cuando se utiliza Google Tag Manager.<\/td><td>1 minuto<\/td><\/tr><tr><td>_gali<\/td><td>Utilizado por Google Analytics para determinar en qu\u00e9 enlaces de una p\u00e1gina se hace clic.<\/td><td>30 segundos<\/td><\/tr><tr><td>_ga<\/td><td>ID utilizado para identificar a los usuarios<\/td><td>2 a\u00f1os<\/td><\/tr><tr><td>__utmv<\/td><td>Contiene informaci\u00f3n personalizada establecida por el desarrollador web a trav\u00e9s del m\u00e9todo _setCustomVar de Google Analytics. Esta cookie se actualiza cada vez que se env\u00edan nuevos datos al servidor de Google Analytics.<\/td><td>2 a\u00f1os despu\u00e9s de la \u00faltima actividad<\/td><\/tr><tr><td>__utmx<\/td><td>Se utiliza para determinar si un usuario est\u00e1 incluido en una prueba A \/ B o Multivariante.<\/td><td>18 meses<\/td><\/tr><tr><td>__utmz<\/td><td>Contiene informaci\u00f3n sobre la fuente de tr\u00e1fico o la campa\u00f1a que dirigi\u00f3 al usuario al sitio web. La cookie se instala cuando se carga el javascript GA.js y se actualiza cuando se env\u00edan datos al servidor de Google Anaytics.<\/td><td>6 meses despu\u00e9s de la \u00faltima actividad<\/td><\/tr><tr><td>__utmb<\/td><td>Se utiliza para distinguir nuevas sesiones y visitas. Esta cookie se establece cuando se carga la biblioteca javascript GA.js y no existe ninguna cookie __utmb. La cookie se actualiza cada vez que se env\u00edan datos al servidor de Google Analytics.<\/td><td>30 minutos despu\u00e9s de la \u00faltima actividad<\/td><\/tr><tr><td>__utmc<\/td><td>S\u00f3lo se utiliza con las versiones antiguas de Urchin de Google Analytics y no con GA.js. Se utilizaba para distinguir entre nuevas sesiones y visitas al final de una sesi\u00f3n.<\/td><td>Fin de sesi\u00f3n (navegador)<\/td><\/tr><tr><td>__utmt<\/td><td>Se utiliza para controlar el n\u00famero de solicitudes del servidor de Google Analytics<\/td><td>10 minutos<\/td><\/tr><tr><td>__utma<\/td><td>ID utilizado para identificar usuarios y sesiones<\/td><td>2 a\u00f1os despu\u00e9s de la \u00faltima actividad<\/td><\/tr><tr><td>No te preocupes.<\/td><td>Contiene informaci\u00f3n relacionada con las campa\u00f1as de marketing del usuario. Se comparten con Google AdWords \/ Google Ads cuando las cuentas de Google Ads y Google Analytics est\u00e1n vinculadas entre s\u00ed.<\/td><td>90 d\u00edas<\/td><\/tr><\/table><\/div>","protected":false},"excerpt":{"rendered":"<p>Esta p\u00e1gina proporciona informaci\u00f3n completa sobre c\u00f3mo utilizamos las cookies en nuestro sitio web para mejorar su experiencia de navegaci\u00f3n, mejorar el rendimiento del sitio web y ofrecer contenidos personalizados. Las cookies son peque\u00f1os archivos de texto que se almacenan en su dispositivo cuando visita nuestro sitio web. Nos ayudan a comprender c\u00f3mo interact\u00faan los visitantes con nuestro sitio web, lo que nos permite ofrecer [...]<\/p>","protected":false},"author":1,"featured_media":0,"parent":0,"menu_order":0,"comment_status":"closed","ping_status":"closed","template":"","meta":{"_monsterinsights_skip_tracking":false,"_monsterinsights_sitenote_active":false,"_monsterinsights_sitenote_note":"","_monsterinsights_sitenote_category":0,"footnotes":""},"class_list":["post-4098","page","type-page","status-publish","hentry"],"_links":{"self":[{"href":"https:\/\/www.queenschildcare.org\/es\/wp-json\/wp\/v2\/pages\/4098","targetHints":{"allow":["GET"]}}],"collection":[{"href":"https:\/\/www.queenschildcare.org\/es\/wp-json\/wp\/v2\/pages"}],"about":[{"href":"https:\/\/www.queenschildcare.org\/es\/wp-json\/wp\/v2\/types\/page"}],"author":[{"embeddable":true,"href":"https:\/\/www.queenschildcare.org\/es\/wp-json\/wp\/v2\/users\/1"}],"replies":[{"embeddable":true,"href":"https:\/\/www.queenschildcare.org\/es\/wp-json\/wp\/v2\/comments?post=4098"}],"version-history":[{"count":0,"href":"https:\/\/www.queenschildcare.org\/es\/wp-json\/wp\/v2\/pages\/4098\/revisions"}],"wp:attachment":[{"href":"https:\/\/www.queenschildcare.org\/es\/wp-json\/wp\/v2\/media?parent=4098"}],"curies":[{"name":"wp","href":"https:\/\/api.w.org\/{rel}","templated":true}]}}